{"id":2,"date":"2008-12-03T12:17:15","date_gmt":"2008-12-03T15:17:15","guid":{"rendered":""},"modified":"2016-11-06T14:40:34","modified_gmt":"2016-11-06T17:40:34","slug":"sobre","status":"publish","type":"page","link":"https:\/\/www.quadrantes.com.br\/","title":{"rendered":"Quadrantes"},"content":{"rendered":"<p>A <strong>Quadrantes<\/strong> nasceu para oferecer solu\u00e7\u00f5es de aprendizagem\u00a0 em Treinamento e Desenvolvimento equilibrando conte\u00fado e pr\u00e1tica, viv\u00eancias e conceitos para proporcionar resultados efetivos para as pessoas e para as organiza\u00e7\u00f5es.<\/p>\n<p>Conhe\u00e7a nossas solu\u00e7\u00f5es personalizadas para:<\/p>\n<ul>\n<li><a title=\"Desenvolvendo Lideran\u00e7as\" href=\"http:\/\/quadrantes.com.br\/index.php\/performance\/desenvolvendo-liderancas\/\" target=\"_blank\">Treinamento, Desenvolvimento e Aprimoramento da Performance de Lideran\u00e7as<\/a><\/li>\n<li><a title=\"Desenvolvendo Equipes\" href=\"http:\/\/quadrantes.com.br\/index.php\/performance\/desenvolvendo-equipes\/\" target=\"_blank\">Treinamento, Desenvolvimento e Aprimoramento da Performance de Equipes<\/a><\/li>\n<li><a title=\"Cursos e Workshops in company\" href=\"http:\/\/quadrantes.com.br\/index.php\/performance\/cursos-e-workshops-in-company\/\" target=\"_blank\">Cursos, Palestras e Workshops<\/a><\/li>\n<\/ul>\n<h1>Treinamento ou Desenvolvimento?<\/h1>\n<p>Nossa proposta \u00e9 utilizar os conhecimentos da Psicologia, Administra\u00e7\u00e3o e Arte-Educa\u00e7\u00e3o, atrav\u00e9s de metodologias vivenciais e participativas, oferecendo oportunidades de aprimoramento da performance humana e organizacional a um custo poss\u00edvel, competitivo e com compromisso real com resultados observ\u00e1veis e mensur\u00e1veis.<\/p>\n<p>Assim, temos condi\u00e7\u00f5es de oferecer muito mais que treinamento: criamos solu\u00e7\u00f5es nos mais diversos tamanhos e configura\u00e7\u00f5es para o aprimoramento da performance das lideran\u00e7as e suas equipes.<\/p>\n<h1>Aprimorando a Performance<\/h1>\n<p>Quando as empresas t\u00eam foco intensivo e exclusivo em resultados, o conceito de Performance pode ser perdido.<\/p>\n<p style=\"text-align: center;\"><strong>Performance significa: Comportamento ( o que e como algu\u00e9m faz) + Resultado do comportamento.<\/strong><\/p>\n<p style=\"text-align: center;\"><a href=\"http:\/\/www.quadrantes.com.br\/wp-content\/uploads\/2013\/10\/Performance1.png\"><img loading=\"lazy\" class=\"aligncenter size-large wp-image-464\" src=\"http:\/\/www.quadrantes.com.br\/wp-content\/uploads\/2013\/10\/Performance1-1024x230.png\" alt=\"Performance= Comportamentos + Resultados\" width=\"704\" height=\"158\" srcset=\"https:\/\/www.quadrantes.com.br\/wp-content\/uploads\/2013\/10\/Performance1-1024x230.png 1024w, https:\/\/www.quadrantes.com.br\/wp-content\/uploads\/2013\/10\/Performance1-150x33.png 150w, https:\/\/www.quadrantes.com.br\/wp-content\/uploads\/2013\/10\/Performance1-300x67.png 300w, https:\/\/www.quadrantes.com.br\/wp-content\/uploads\/2013\/10\/Performance1.png 1235w\" sizes=\"(max-width: 704px) 100vw, 704px\" \/><\/a><\/p>\n<p>Gerenciar apenas indicadores de resultados funciona at\u00e9 certo ponto. Gerenciar performance (comportamento e indicadores) desenvolve verdadeiros campe\u00f5es!<\/p>\n<p><strong>Quadrantes Performance Humana e Organizacional <\/strong><br \/>\nFale Direto: 11 99668 1446<\/p>\n<p><strong>Ligue, ou se preferir, entre em contato pelo formul\u00e1rio abaixo:<\/strong><\/p>\n<div role=\"form\" class=\"wpcf7\" id=\"wpcf7-f94-o1\" lang=\"en-US\" dir=\"ltr\">\n<div class=\"screen-reader-response\"><p role=\"status\" aria-live=\"polite\" aria-atomic=\"true\"><\/p> <ul><\/ul><\/div>\n<form action=\"\/index.php\/wp-json\/wp\/v2\/pages\/2#wpcf7-f94-o1\" method=\"post\" class=\"wpcf7-form init\" novalidate=\"novalidate\" data-status=\"init\">\n<div style=\"display: none;\">\n<input type=\"hidden\" name=\"_wpcf7\" value=\"94\" \/>\n<input type=\"hidden\" name=\"_wpcf7_version\" value=\"5.5.5\" \/>\n<input type=\"hidden\" name=\"_wpcf7_locale\" value=\"en_US\" \/>\n<input type=\"hidden\" name=\"_wpcf7_unit_tag\" value=\"wpcf7-f94-o1\" \/>\n<input type=\"hidden\" name=\"_wpcf7_container_post\" value=\"0\" \/>\n<input type=\"hidden\" name=\"_wpcf7_posted_data_hash\" value=\"\" \/>\n<\/div>\n<p>Seu nome (obrigat\u00f3rio)<br \/>\n    <span class=\"wpcf7-form-control-wrap your-name\"><input type=\"text\" name=\"your-name\" value=\"\" size=\"40\" class=\"wpcf7-form-control wpcf7-text wpcf7-validates-as-required\" aria-required=\"true\" aria-invalid=\"false\" \/><\/span> <\/p>\n<p>Sua Empresa (obrigat\u00f3rio)<br \/>\n<span class=\"wpcf7-form-control-wrap Sua-Empresa\"><input type=\"text\" name=\"Sua-Empresa\" value=\"\" size=\"40\" class=\"wpcf7-form-control wpcf7-text wpcf7-validates-as-required\" aria-required=\"true\" aria-invalid=\"false\" \/><\/span><\/p>\n<p>Seu Telefone de Contato (obrigat\u00f3rio)<br \/>\n<span class=\"wpcf7-form-control-wrap Fone-de-contato\"><input type=\"tel\" name=\"Fone-de-contato\" value=\"\" size=\"40\" class=\"wpcf7-form-control wpcf7-text wpcf7-tel wpcf7-validates-as-required wpcf7-validates-as-tel\" aria-required=\"true\" aria-invalid=\"false\" \/><\/span><\/p>\n<p>Seu e-mail (obrigat\u00f3rio)<br \/>\n    <span class=\"wpcf7-form-control-wrap your-email\"><input type=\"email\" name=\"your-email\" value=\"\" size=\"40\" class=\"wpcf7-form-control wpcf7-text wpcf7-email wpcf7-validates-as-required wpcf7-validates-as-email\" aria-required=\"true\" aria-invalid=\"false\" \/><\/span> <\/p>\n<p>Assunto<br \/>\n <span class=\"wpcf7-form-control-wrap your-subject\"><input type=\"text\" name=\"your-subject\" value=\"\" size=\"40\" class=\"wpcf7-form-control wpcf7-text\" aria-invalid=\"false\" \/><\/span> <\/p>\n<p>Sua mensagem<br \/>\n    <span class=\"wpcf7-form-control-wrap your-message\"><textarea name=\"your-message\" cols=\"40\" rows=\"10\" class=\"wpcf7-form-control wpcf7-textarea\" aria-invalid=\"false\"><\/textarea><\/span> <\/p>\n<p><span class=\"wpcf7-form-control-wrap acceptance-283\"><span class=\"wpcf7-form-control wpcf7-acceptance\"><span class=\"wpcf7-list-item\"><input type=\"checkbox\" name=\"acceptance-283\" value=\"1\" aria-invalid=\"false\" checked=\"checked\" \/><\/span><\/span><\/span> Aceito receber conte\u00fado exclusivo da Quadrantes PHO<\/p>\n<p><input type=\"submit\" value=\"Enviar\" class=\"wpcf7-form-control has-spinner wpcf7-submit\" \/><\/p>\n<p style=\"display: none !important;\" class=\"akismet-fields-container\" data-prefix=\"_wpcf7_ak_\"><label>&#916;<textarea name=\"_wpcf7_ak_hp_textarea\" cols=\"45\" rows=\"8\" maxlength=\"100\"><\/textarea><\/label><input type=\"hidden\" id=\"ak_js_1\" name=\"_wpcf7_ak_js\" value=\"79\"\/><script type=\"text\/javascript\">\ndocument.getElementById( \"ak_js_1\" ).setAttribute( \"value\", ( new Date() ).getTime() );\n<\/script>\n<\/p><div class=\"wpcf7-response-output\" aria-hidden=\"true\"><\/div><\/form><\/div>\n","protected":false},"excerpt":{"rendered":"<p>A Quadrantes nasceu para oferecer solu\u00e7\u00f5es de aprendizagem\u00a0 em Treinamento e Desenvolvimento equilibrando conte\u00fado e pr\u00e1tica, viv\u00eancias e conceitos para proporcionar resultados efetivos para as pessoas e para as organiza\u00e7\u00f5es. Conhe\u00e7a nossas solu\u00e7\u00f5es personalizadas para: Treinamento, Desenvolvimento e Aprimoramento da Performance de Lideran\u00e7as Treinamento, Desenvolvimento e Aprimoramento da Performance de Equipes Cursos, Palestras e Workshops<\/p>\n","protected":false},"author":1,"featured_media":0,"parent":0,"menu_order":1,"comment_status":"closed","ping_status":"closed","template":"","meta":[],"_links":{"self":[{"href":"https:\/\/www.quadrantes.com.br\/index.php\/wp-json\/wp\/v2\/pages\/2"}],"collection":[{"href":"https:\/\/www.quadrantes.com.br\/index.php\/wp-json\/wp\/v2\/pages"}],"about":[{"href":"https:\/\/www.quadrantes.com.br\/index.php\/wp-json\/wp\/v2\/types\/page"}],"author":[{"embeddable":true,"href":"https:\/\/www.quadrantes.com.br\/index.php\/wp-json\/wp\/v2\/users\/1"}],"replies":[{"embeddable":true,"href":"https:\/\/www.quadrantes.com.br\/index.php\/wp-json\/wp\/v2\/comments?post=2"}],"version-history":[{"count":25,"href":"https:\/\/www.quadrantes.com.br\/index.php\/wp-json\/wp\/v2\/pages\/2\/revisions"}],"predecessor-version":[{"id":786,"href":"https:\/\/www.quadrantes.com.br\/index.php\/wp-json\/wp\/v2\/pages\/2\/revisions\/786"}],"wp:attachment":[{"href":"https:\/\/www.quadrantes.com.br\/index.php\/wp-json\/wp\/v2\/media?parent=2"}],"curies":[{"name":"wp","href":"https:\/\/api.w.org\/{rel}","templated":true}]}}